{"id":952,"date":"2025-05-08T19:37:26","date_gmt":"2025-05-08T17:37:26","guid":{"rendered":"https:\/\/goingsports.de\/adverts\/?page_id=952"},"modified":"2025-05-08T19:47:03","modified_gmt":"2025-05-08T17:47:03","slug":"agb","status":"publish","type":"page","link":"https:\/\/goingsports.de\/adverts\/impressum\/agb\/","title":{"rendered":"AGB"},"content":{"rendered":"\t\t<div data-elementor-type=\"wp-page\" data-elementor-id=\"952\" class=\"elementor elementor-952\">\n\t\t\t\t<div class=\"elementor-element elementor-element-c221048 e-flex e-con-boxed e-con e-parent\" data-id=\"c221048\" data-element_type=\"container\" data-e-type=\"container\">\n\t\t\t\t\t<div class=\"e-con-inner\">\n\t\t\t\t<div class=\"elementor-element elementor-element-459a785 elementor-widget elementor-widget-heading\" data-id=\"459a785\" data-element_type=\"widget\" data-e-type=\"widget\" data-widget_type=\"heading.default\">\n\t\t\t\t<div class=\"elementor-widget-container\">\n\t\t\t\t\t<h2 class=\"elementor-heading-title elementor-size-default\">AGB f\u00fcr Online-Dienste<\/h2>\t\t\t\t<\/div>\n\t\t\t\t<\/div>\n\t\t\t\t<div class=\"elementor-element elementor-element-13ec9da elementor-widget elementor-widget-text-editor\" data-id=\"13ec9da\" data-element_type=\"widget\" data-e-type=\"widget\" data-widget_type=\"text-editor.default\">\n\t\t\t\t<div class=\"elementor-widget-container\">\n\t\t\t\t\t\t\t\t\t<ol><li><strong> Vorbemerkungen, G\u00fcltigkeit<\/strong><\/li><\/ol><p>Diese AGB mit Stand Januar 2014 gelten f\u00fcr alle Onlinedienste der GENOBIS GmbH<\/p><p>Die GENOBIS GmbH unterh\u00e4lt u.a. Internetdienste, die es nat\u00fcrlichen Personen und Unternehmen erm\u00f6glichen, Dienstleistungen \u00fcber das Internet zu nutzen.<br \/>Mit der Nutzung der Internetdienste von GENOBIS GmbH erkl\u00e4ren Benutzer \/ Vertragspartner (nachfolgend \u201cBenutzer\u201d genannt) sich mit den hier formulierten Nutzungsbedingungen einverstanden. Alle Benutzer erkl\u00e4ren ihr Einverst\u00e4ndnis durch Best\u00e4tigung der Kenntnisnahme und Zustimmung zu den Allgemeinen Gesch\u00e4ftsbedingungen \/ Nutzungsbedingungen bereits im Rahmen der teilweisen Nutzung einer Website oder der mobilen App. Eine teilweise Nutzung einer Website liegt vor, sobald diese in einem station\u00e4ren oder mobilen Internetbrowser aufgerufen wird oder die App aufgerufen wird.<\/p><p>Wenn Benutzer mit den Allgemeinen Nutzungsbedingungen nicht einverstanden sind, d\u00fcrfen sie etwaige Features der Website nicht nutzen. Sollten Benutzer auch nur mit Teilen dieser Nutzungsbedingungen nicht einverstanden sein, und dennoch Leistungen\/Features der Website nutzen, entbinden Sie die die GENOBIS GmbH von jeglicher Rechtsverantwortlichkeit im Sinne der jeweils g\u00fcltigen gesetzlichen Regelungen.<\/p><p>Abweichende Bedingungen des Benutzers, die mit diesen Allgemeinen Nutzungsbedingungen in Widerspruch stehen, finden in keinem Fall Ber\u00fccksichtigung, es sei denn GENOBIS GmbH stimmt diesen schriftlich zu.<\/p><p>Im Rahmen jeglichen Vertragsverh\u00e4ltnisses mit GENOBIS GmbH haben diese Allgemeinen Nutzungsbedingungen G\u00fcltigkeit, selbst wenn bei der Inanspruchnahme weiterer, z. B. entgeltlicher Dienste, nicht noch einmal gesondert darauf verwiesen wird.<\/p><p>Die GENOBIS GmbH ist berechtigt, Dritte mit der Erbringung von Teilen oder des ganzen Leistungsspektrums zu beauftragen. In diesem Fall finden die hier vorliegenden Nutzungsbedingungen ebenfalls Anwendung.<\/p><p>Die GENOBIS GmbH beh\u00e4lt sich das Recht vor, die vorliegenden Nutzungsbedingungen jederzeit zu \u00e4ndern. Die Benutzer werden \u00fcber etwaige \u00c4nderungen hinsichtlich bestehender Vertragsverh\u00e4ltnisse rechtzeitig per E-Mail informiert. Den Vertragspartnern wird ein K\u00fcndigungsrecht f\u00fcr einen Zeitraum von 6 Wochen nach Bekanntgabe der ver\u00e4nderten Nutzungsbedingungen einger\u00e4umt. Nach Ablauf dieser Frist besteht das Vertragsverh\u00e4ltnis auf der Basis der neuen Nutzungsbedingungen fort.<\/p><ol start=\"2\"><li><strong style=\"font-style: inherit;\"> Leistungsumfang<\/strong><\/li><\/ol><p>Die GENOBIS GmbH bietet Live-Scoring von Sportveranstaltungen an. Hierbei werden z.B. f\u00fcr Golfturniere die Teilnehmer vom Veranstalter in das System eingegeben. Dar\u00fcber hinaus die Daten des Golfplatzes sowie andere grundlegende Rahmenbedingungen f\u00fcr das Turnier.<\/p><p>Die Benutzer geben selbstst\u00e4ndig die Informationen \u00fcber den aktuellen Score \u00fcber eine Smartphone App in das System ein. Die App transferiert die Daten in ein Backendsystem, welches die aktuelle Tabellensituation ausrechnet und \u00fcber eine von der GENOBIS GmbH betriebene Webseite dem Veranstalter des Events zur Verf\u00fcgung stellt.<\/p><p>Die GENOBIS GmbH garantiert jedoch nicht, dass eine erfolgreiche \u00dcbermittlung der Daten sowohl von der App an das Backend, als auch vom Backend an die Webseite stattfindet und haftet demzufolge nicht, falls in der angegeben Vertragsdauer hier z.B. die Mobilfunk-Datenverbindung nicht aufgebaut werden kann.<\/p><ol start=\"3\"><li><strong style=\"font-style: inherit;\"> Preise<\/strong><\/li><\/ol><p>Alle Dienstleistungen und Produkte gelten gem\u00e4\u00df der aktuellen Preisliste, diese enthalten die gesetzliche Umsatzsteuer.<\/p><ol start=\"4\"><li><strong style=\"font-style: inherit;\"> Datennutzung und Datenschutz<\/strong><\/li><\/ol><p>Die GENOBIS GmbH beachtet grunds\u00e4tzlich die gesetzlichen Datenschutzbestimmungen. Unter Beachtung dieser gesetzlichen Bestimmungen erfolgt die Erfassung und Nutzung von Daten wie folgt:<\/p><ul><li>Der Benutzer erkl\u00e4rt sich durch die Anmeldung bei der GENOBIS GmbH mit den untenstehenden Regelungen zur Verwendung seiner pers\u00f6nlichen Informationen einverstanden.<\/li><li>Die GENOBIS GmbH sammelt, verwendet und analysiert pers\u00f6nliche Informationen des Benutzers sowie die bei der Durchf\u00fchrung des Events anfallenden Informationen auf verschiedene Art und Weise an unterschiedlichen Stellen der eigenen Websites sowie bei weiteren eigenen sowie von Partnern betriebenen Diensten, um ein Funktionieren der Internetdienste zu erm\u00f6glichen und den Nutzern einen besseren Service bieten zu k\u00f6nnen. Diese Informationen entstehen durch Angabe des Benutzers, sowie durch eine Nutzung der angebotenen Dienste. Der Benutzer erkl\u00e4rt sich damit einverstanden, dass seine pers\u00f6nlichen Daten in elektronischer Form gespeichert werden.<\/li><li>Zur Vermeidung von Missbrauch und zur Betrugsvorbeugung ist GENOBIS GmbH berechtigt IP-Adressen von Benutzern seiner Internetdienste zu speichern.<\/li><\/ul><ol start=\"5\"><li><strong style=\"font-style: inherit;\"> Haftung<\/strong><\/li><\/ol><p>Die GENOBIS GmbH \u00fcbernimmt keine Verantwortung und Haftung f\u00fcr die Aktualit\u00e4t, Richtigkeit, Vollst\u00e4ndigkeit oder Qualit\u00e4t der bereitgestellten Informationen sowie f\u00fcr den eventuellen Missbrauch von Informationen.<\/p><p>Jede Haftung f\u00fcr etwaige wirtschaftliche, k\u00f6rperliche oder immaterielle Sch\u00e4den, die sich aus der Nutzung oder Nichtnutzung der GENOBIS GmbH Internet-Dienstleistungen ergeben oder ergeben k\u00f6nnten ist grunds\u00e4tzlich ausdr\u00fccklich ausgeschlossen. Alle Angebote sind insofern auch freibleibend und unverbindlich. Die GENOBIS GmbH bem\u00fcht sich den jederzeitigen, ordnungsgem\u00e4\u00dfen Betrieb des Services sicherzustellen, kann jedoch nicht die ununterbrochene Nutzbarkeit bzw. Erreichbarkeit des Service garantieren. Eine Haftung f\u00fcr technisch bedingte \u00dcbertragungsverz\u00f6gerungen oder Ausf\u00e4lle ist ausgeschlossen.<\/p><p>Die GENOBIS GmbH beh\u00e4lt es sich ausdr\u00fccklich vor, Teile der Seiten oder das gesamte Angebot ohne gesonderte Ank\u00fcndigung zu ver\u00e4ndern, zu erg\u00e4nzen.<\/p><p>Die GENOBIS GmbH haftet nicht f\u00fcr die unbefugte Kenntniserlangung von pers\u00f6nlichen Nutzerdaten durch Dritte (z. B. durch einen unbefugten Zugriff Dritter). GENOBIS GmbH ist nicht verpflichtet Inhalte, Angaben sowie Bilddateien, Textinhalte o. \u00c4. von Benutzern zu \u00fcberpr\u00fcfen, beh\u00e4lt sich jedoch das Recht zur Pr\u00fcfung sowie die Ab\u00e4nderung oder L\u00f6schung von Inhalten \u2013 z. B. bei erkennbaren Vorliegens unkorrekter Angaben \u2013 vor.<\/p><p>Die GENOBIS GmbH haftet nicht f\u00fcr direkte oder indirekte Verweise auf fremde Webseiten (\u201cHyperlinks\u201d), die au\u00dferhalb des Verantwortungsbereiches von GENOBIS GmbH liegen. Sollte GENOBIS GmbH Kenntnis erhalten, dass ein Verweis auf eine Website mit rechtswidrigen Inhalten vorliegt, wird GENOBIS GmbH alles Zumutbare unternehmen, den entsprechenden Verweis zu entfernen. Rein vorsorglich distanziert sich GENOBIS GmbH von Inhalten verlinkter Webseiten. Dies gilt f\u00fcr alle, innerhalb des GENOBIS GmbH Internetangebotes, gesetzten Links und Verweise sowie f\u00fcr Fremdeintr\u00e4ge, Inhalte von Diskussionsforen, Blogs, Mailinglisten, u. \u00e4..<strong style=\"font-style: inherit;\">\u00a0<\/strong><\/p><ol start=\"6\"><li><strong style=\"font-style: inherit;\"> Obliegenheiten der Benutzer<\/strong><\/li><\/ol><p>F\u00fcr den Inhalt seiner Anmeldung und damit f\u00fcr die Informationen, die er \u00fcber sich bereitstellt, ist der Benutzer allein verantwortlich und versichert, dass die von ihm angegebenen Daten der Wahrheit entsprechen.<\/p><p>F\u00fcr die individuellen Werbebanner des Live-Leaderboards ist der Benutzer selbst verantwortlich. Der Benutzer verpflichtet sich, dass die dargestellten Inhalte auf den Werbebannern frei von jeglichen sexistischen, pornographischen, rassistischen, volksverhetzende oder vergleichbare \u2013 auch obsz\u00f6ne \u2013 , oder sonstigen gegen das geltende Gesetz der Bundesrepublik Deutschland versto\u00dfenden Inhalts ist. Bei Zuwiderhandlung ist die GENOBIS GmbH bem\u00e4chtigt, jegliche Webdienste mit sofortiger Wirkung abzustellen. Strafrechtliche Verfolgung unterliegt der zust\u00e4ndigen Beh\u00f6rde der Bundesrepublik Deutschland.<\/p><p>Der Benutzer verpflichtet sich, die GENOBIS GmbH von jeglicher Art von Kosten, Klagen, Sch\u00e4den, Verlusten oder sonstigen Forderungen frei zu halten, die durch seine Anmeldung bzw. Teilnahme an die GENOBIS GmbH Dienstleistungen entstehen k\u00f6nnten. Der Benutzer verpflichtet sich insbesondere die GENOBIS GmbH von jeglicher Haftung und von allen Verpflichtungen, Aufwendungen und Anspr\u00fcchen, die sich aus Sch\u00e4den wegen Beleidigung, \u00fcbler Nachrede, Verletzung von Pers\u00f6nlichkeitsrechten, wegen des Ausfalls von Dienstleistungen f\u00fcr andere Mitglieder, wegen der Verletzung von Immaterialg\u00fctern oder sonstiger Rechte ergeben, freizustellen. Die Freistellungsverpflichtung bezieht sich auch auf die Kosten, die zur Abwehr solcher Inanspruchnahmen erforderlich sind.<\/p><p>Ferner verpflichtet sich der Benutzer Dienstleistungen von der GENOBIS GmbH nicht missbr\u00e4uchlich zu nutzen, insbesondere:<\/p><ul><li>keine Daten in das System einzubringen, die einen Computer-Virus (infizierte Software) oder Software oder anderes Material enthalten, welches urheberrechtlich gesch\u00fctzt ist, es sei denn der Benutzer selbst hat die Rechte daran, die erforderlichen Zustimmungen hierf\u00fcr und etwaige Sch\u00e4den sind ausgeschlossen.<\/li><li>in einer Art und Weise, die die Verf\u00fcgbarkeit der Angebote f\u00fcr andere Nutzer der GENOBIS GmbH negativ beeinflusst oder beeinflussen kann.<\/li><\/ul><p>Wichtig: Die Nichtbeachtung der Obliegenheiten kann zur fristlosen K\u00fcndigung eines etwaig vorliegenden Vertragsverh\u00e4ltnisses f\u00fchren, sowie zivil- und strafrechtliche Folgen f\u00fcr den Benutzer haben.<\/p><ol start=\"7\"><li><strong style=\"font-style: inherit;\"> Copyright<\/strong><\/li><\/ol><p>Die GENOBIS GmbH ist bestrebt, in allen Internetdiensten Copyright-Rechte Dritter zu wahren. Daher beansprucht die GENOBIS GmbH auch alle Urheberrechte f\u00fcr jegliche selbsterstellte Inhalte ihrer Internetseiten. Eine Vervielf\u00e4ltigung oder Verwendung von Inhalten jeglicher Art ist nur mit schriftlicher Zustimmung der GENOBIS GmbH gestattet.<\/p><ol start=\"8\"><li><strong style=\"font-style: inherit;\"> Gerichtsstand, Salvatorische Klausel<\/strong><\/li><\/ol><p>F\u00fcr die vorliegenden Allgemeinen Gesch\u00e4ftsbedingungen\/Nutzungsbedingungen sowie alle weiteren Vereinbarungen der Vertragspartner (Benutzer) mit der GENOBIS GmbH ist ausschlie\u00dflich das deutsche Recht anwendbar. Gerichtsstand ist der Sitz der GENOBIS GmbH.<\/p><p>Sollten einzelne Bestimmungen dieser Bedingungen ganz oder teilweise unwirksam sein oder unwirksam werden, wird hierdurch die G\u00fcltigkeit der \u00fcbrigen Bestimmungen nicht ber\u00fchrt. Sollten einzelne Bestimmungen dieses Vertrages ganz oder teilweise nicht wirksam sein oder ihre Wirksamkeit zu einem sp\u00e4teren Zeitpunkt verlieren, so wird hierdurch die G\u00fcltigkeit des Vertrages im \u00dcbrigen nicht ber\u00fchrt. Die unwirksame Regelung ist von den Parteien durch eine wirksame zu ersetzen, die dem wirtschaftlichen Zweck der unwirksamen Regelung soweit wie m\u00f6glich entspricht. Entsprechendes gilt f\u00fcr etwaige Vertragsl\u00fccken.<strong style=\"font-style: inherit;\">\u00a0<\/strong><\/p><ol start=\"9\"><li><strong style=\"font-style: inherit;\"> Widerrufsbelehrung<\/strong><\/li><\/ol><p>Der Benutzer kann seine auf den Vertragsschluss gerichtete Willenserkl\u00e4rung (Inanspruchnahme entgeltlicher Dienste) innerhalb von zwei Wochen ohne Angabe von Gr\u00fcnden schriftlich gegen\u00fcber der GENOBIS GmbH, Zum Sch\u00fcrmannsgraben 24, 47441 Moers), per Fax oder durch Versand einer E-Mail widerrufen.<\/p><p>Die Frist beginnt mit Kenntnisnahme dieser Belehrung. Zur Wahrung der Frist gen\u00fcgt die rechtzeitige Absendung des Widerrufs.<\/p><p>Bei wirksamem Widerruf sind die beiderseits empfangenen Leistungen wechselseitig zur\u00fcck zu gew\u00e4hren. Bereits empfangene entgeltliche Leistungen werden dem Benutzer in Rechnung gestellt.<\/p><p>Das Widerrufsrecht des Benutzers erlischt vorzeitig, wenn es die GENOBIS GmbH mit der Leistung entgeltlicher Dienste mit ausdr\u00fccklicher Zustimmung des Benutzers vor Ende der Widerrufsfrist begonnen hat oder der Benutzer die entgeltlichen Dienste z.B. durch \u00dcbermittlung einer Nachricht veranlasst hat.<\/p>\t\t\t\t\t\t\t\t<\/div>\n\t\t\t\t<\/div>\n\t\t\t\t\t<\/div>\n\t\t\t\t<\/div>\n\t\t\t\t<\/div>\n\t\t","protected":false},"excerpt":{"rendered":"<p>AGB f\u00fcr Online-Dienste Vorbemerkungen, G\u00fcltigkeit Diese AGB mit Stand Januar 2014 gelten f\u00fcr alle Onlinedienste der GENOBIS GmbH Die GENOBIS GmbH unterh\u00e4lt u.a. Internetdienste, die es nat\u00fcrlichen Personen und Unternehmen erm\u00f6glichen, Dienstleistungen \u00fcber das Internet zu nutzen.Mit der Nutzung der Internetdienste von GENOBIS GmbH erkl\u00e4ren Benutzer \/ Vertragspartner (nachfolgend \u201cBenutzer\u201d genannt) sich mit den hier [&hellip;]<\/p>\n","protected":false},"author":1,"featured_media":0,"parent":944,"menu_order":0,"comment_status":"closed","ping_status":"closed","template":"","meta":{"site-sidebar-layout":"no-sidebar","site-content-layout":"page-builder","ast-site-content-layout":"full-width-container","site-content-style":"default","site-sidebar-style":"default","ast-global-header-display":"","ast-banner-title-visibility":"","ast-main-header-display":"","ast-hfb-above-header-display":"","ast-hfb-below-header-display":"","ast-hfb-mobile-header-display":"","site-post-title":"disabled","ast-breadcrumbs-content":"","ast-featured-img":"disabled","footer-sml-layout":"","ast-disable-related-posts":"","theme-transparent-header-meta":"","adv-header-id-meta":"","stick-header-meta":"","header-above-stick-meta":"","header-main-stick-meta":"","header-below-stick-meta":"","astra-migrate-meta-layouts":"set","ast-page-background-enabled":"default","ast-page-background-meta":{"desktop":{"background-color":"","background-image":"","background-repeat":"repeat","background-position":"center center","background-size":"auto","background-attachment":"scroll","background-type":"","background-media":"","overlay-type":"","overlay-color":"","overlay-opacity":"","overlay-gradient":""},"tablet":{"background-color":"","background-image":"","background-repeat":"repeat","background-position":"center center","background-size":"auto","background-attachment":"scroll","background-type":"","background-media":"","overlay-type":"","overlay-color":"","overlay-opacity":"","overlay-gradient":""},"mobile":{"background-color":"","background-image":"","background-repeat":"repeat","background-position":"center center","background-size":"auto","background-attachment":"scroll","background-type":"","background-media":"","overlay-type":"","overlay-color":"","overlay-opacity":"","overlay-gradient":""}},"ast-content-background-meta":{"desktop":{"background-color":"var(--ast-global-color-5)","background-image":"","background-repeat":"repeat","background-position":"center center","background-size":"auto","background-attachment":"scroll","background-type":"","background-media":"","overlay-type":"","overlay-color":"","overlay-opacity":"","overlay-gradient":""},"tablet":{"background-color":"var(--ast-global-color-5)","background-image":"","background-repeat":"repeat","background-position":"center center","background-size":"auto","background-attachment":"scroll","background-type":"","background-media":"","overlay-type":"","overlay-color":"","overlay-opacity":"","overlay-gradient":""},"mobile":{"background-color":"var(--ast-global-color-5)","background-image":"","background-repeat":"repeat","background-position":"center center","background-size":"auto","background-attachment":"scroll","background-type":"","background-media":"","overlay-type":"","overlay-color":"","overlay-opacity":"","overlay-gradient":""}},"iawp_total_views":47,"footnotes":""},"class_list":["post-952","page","type-page","status-publish","hentry"],"_links":{"self":[{"href":"https:\/\/goingsports.de\/adverts\/wp-json\/wp\/v2\/pages\/952","targetHints":{"allow":["GET"]}}],"collection":[{"href":"https:\/\/goingsports.de\/adverts\/wp-json\/wp\/v2\/pages"}],"about":[{"href":"https:\/\/goingsports.de\/adverts\/wp-json\/wp\/v2\/types\/page"}],"author":[{"embeddable":true,"href":"https:\/\/goingsports.de\/adverts\/wp-json\/wp\/v2\/users\/1"}],"replies":[{"embeddable":true,"href":"https:\/\/goingsports.de\/adverts\/wp-json\/wp\/v2\/comments?post=952"}],"version-history":[{"count":6,"href":"https:\/\/goingsports.de\/adverts\/wp-json\/wp\/v2\/pages\/952\/revisions"}],"predecessor-version":[{"id":958,"href":"https:\/\/goingsports.de\/adverts\/wp-json\/wp\/v2\/pages\/952\/revisions\/958"}],"up":[{"embeddable":true,"href":"https:\/\/goingsports.de\/adverts\/wp-json\/wp\/v2\/pages\/944"}],"wp:attachment":[{"href":"https:\/\/goingsports.de\/adverts\/wp-json\/wp\/v2\/media?parent=952"}],"curies":[{"name":"wp","href":"https:\/\/api.w.org\/{rel}","templated":true}]}}