{"id":944,"date":"2025-05-08T19:30:26","date_gmt":"2025-05-08T17:30:26","guid":{"rendered":"https:\/\/goingsports.de\/adverts\/?page_id=944"},"modified":"2025-05-08T19:46:19","modified_gmt":"2025-05-08T17:46:19","slug":"impressum","status":"publish","type":"page","link":"https:\/\/goingsports.de\/adverts\/impressum\/","title":{"rendered":"Impressum"},"content":{"rendered":"\t\t<div data-elementor-type=\"wp-page\" data-elementor-id=\"944\" class=\"elementor elementor-944\">\n\t\t\t\t<div class=\"elementor-element elementor-element-62d6753 e-flex e-con-boxed e-con e-parent\" data-id=\"62d6753\" data-element_type=\"container\" data-e-type=\"container\">\n\t\t\t\t\t<div class=\"e-con-inner\">\n\t\t\t\t<div class=\"elementor-element elementor-element-a5148f6 elementor-widget elementor-widget-heading\" data-id=\"a5148f6\" data-element_type=\"widget\" data-e-type=\"widget\" data-widget_type=\"heading.default\">\n\t\t\t\t<div class=\"elementor-widget-container\">\n\t\t\t\t\t<h2 class=\"elementor-heading-title elementor-size-default\">Impressum<\/h2>\t\t\t\t<\/div>\n\t\t\t\t<\/div>\n\t\t\t\t<div class=\"elementor-element elementor-element-f3b06cb elementor-widget elementor-widget-text-editor\" data-id=\"f3b06cb\" data-element_type=\"widget\" data-e-type=\"widget\" data-widget_type=\"text-editor.default\">\n\t\t\t\t<div class=\"elementor-widget-container\">\n\t\t\t\t\t\t\t\t\t<p><b>Inhalt<\/b><\/p><p style=\"font-weight: inherit; font-style: inherit;\">Verantwortlich im Sinne des Presserechts und des Mediendienste-Staatsvertrages sowie Diensteanbieter gem\u00e4\u00df der eCommerce-Richtlinie der EU ist der Gesch\u00e4ftsf\u00fchrer der GENOBIS GmbH Herr Ulrich Lang.<\/p><p style=\"font-weight: inherit; font-style: inherit;\">GENOBIS GmbH<br \/>26871 Papenburg<br \/>Birkenallee 142<\/p><p style=\"font-weight: inherit; font-style: inherit;\">Fon: +49 16090994689<br \/>Email: ulrich.lang@genobis.de<\/p><p style=\"font-weight: inherit; font-style: inherit;\">Handelsregister Oldenburg<br \/>HRB 9426<\/p><p style=\"font-weight: inherit; font-style: inherit;\">Haftungshinweis<\/p><p style=\"font-weight: inherit; font-style: inherit;\">Trotz sorgf\u00e4ltiger Kontrolle \u00fcbernehmen wir keine Haftung f\u00fcr die Inhalte externer Links.<br \/>F\u00fcr den Inhalt der verlinkten Seiten sind ausschlie\u00dflich deren Betreiber verantwortlich.<\/p><p style=\"font-weight: inherit; font-style: inherit;\">Urheberrecht<\/p><p style=\"font-weight: inherit; font-style: inherit;\">(c) 2012 Alle Rechte vorbehalten. S\u00e4mtliche Bilder, Grafiken und Inhalte ebenso wie das Layout der gesamten Website unterliegen dem Urheberrecht. Alle Inhalte sind nur f\u00fcr die pers\u00f6nliche Information bestimmt. Jedwede weitergehende Verwendung, insbesondere die Ver\u00f6ffentlichung, Vervielf\u00e4ltigung und jede Form gewerblicher Nutzung sowie die Weitergabe an Dritte &#8211; auch in Teilen oder in \u00fcberarbeiteter Form &#8211;<br \/>ist ohne Zustimmung der GENOBIS GmbH untersagt<\/p>\t\t\t\t\t\t\t\t<\/div>\n\t\t\t\t<\/div>\n\t\t\t\t\t<\/div>\n\t\t\t\t<\/div>\n\t\t\t\t<\/div>\n\t\t","protected":false},"excerpt":{"rendered":"<p>Impressum Inhalt Verantwortlich im Sinne des Presserechts und des Mediendienste-Staatsvertrages sowie Diensteanbieter gem\u00e4\u00df der eCommerce-Richtlinie der EU ist der Gesch\u00e4ftsf\u00fchrer der GENOBIS GmbH Herr Ulrich Lang. GENOBIS GmbH26871 PapenburgBirkenallee 142 Fon: +49 16090994689Email: ulrich.lang@genobis.de Handelsregister OldenburgHRB 9426 Haftungshinweis Trotz sorgf\u00e4ltiger Kontrolle \u00fcbernehmen wir keine Haftung f\u00fcr die Inhalte externer Links.F\u00fcr den Inhalt der verlinkten Seiten [&hellip;]<\/p>\n","protected":false},"author":1,"featured_media":0,"parent":0,"menu_order":0,"comment_status":"closed","ping_status":"closed","template":"","meta":{"site-sidebar-layout":"no-sidebar","site-content-layout":"page-builder","ast-site-content-layout":"full-width-container","site-content-style":"default","site-sidebar-style":"default","ast-global-header-display":"","ast-banner-title-visibility":"","ast-main-header-display":"","ast-hfb-above-header-display":"","ast-hfb-below-header-display":"","ast-hfb-mobile-header-display":"","site-post-title":"disabled","ast-breadcrumbs-content":"","ast-featured-img":"disabled","footer-sml-layout":"","ast-disable-related-posts":"","theme-transparent-header-meta":"","adv-header-id-meta":"","stick-header-meta":"","header-above-stick-meta":"","header-main-stick-meta":"","header-below-stick-meta":"","astra-migrate-meta-layouts":"set","ast-page-background-enabled":"default","ast-page-background-meta":{"desktop":{"background-color":"","background-image":"","background-repeat":"repeat","background-position":"center center","background-size":"auto","background-attachment":"scroll","background-type":"","background-media":"","overlay-type":"","overlay-color":"","overlay-opacity":"","overlay-gradient":""},"tablet":{"background-color":"","background-image":"","background-repeat":"repeat","background-position":"center center","background-size":"auto","background-attachment":"scroll","background-type":"","background-media":"","overlay-type":"","overlay-color":"","overlay-opacity":"","overlay-gradient":""},"mobile":{"background-color":"","background-image":"","background-repeat":"repeat","background-position":"center center","background-size":"auto","background-attachment":"scroll","background-type":"","background-media":"","overlay-type":"","overlay-color":"","overlay-opacity":"","overlay-gradient":""}},"ast-content-background-meta":{"desktop":{"background-color":"var(--ast-global-color-5)","background-image":"","background-repeat":"repeat","background-position":"center center","background-size":"auto","background-attachment":"scroll","background-type":"","background-media":"","overlay-type":"","overlay-color":"","overlay-opacity":"","overlay-gradient":""},"tablet":{"background-color":"var(--ast-global-color-5)","background-image":"","background-repeat":"repeat","background-position":"center center","background-size":"auto","background-attachment":"scroll","background-type":"","background-media":"","overlay-type":"","overlay-color":"","overlay-opacity":"","overlay-gradient":""},"mobile":{"background-color":"var(--ast-global-color-5)","background-image":"","background-repeat":"repeat","background-position":"center center","background-size":"auto","background-attachment":"scroll","background-type":"","background-media":"","overlay-type":"","overlay-color":"","overlay-opacity":"","overlay-gradient":""}},"iawp_total_views":67,"footnotes":""},"class_list":["post-944","page","type-page","status-publish","hentry"],"_links":{"self":[{"href":"https:\/\/goingsports.de\/adverts\/wp-json\/wp\/v2\/pages\/944","targetHints":{"allow":["GET"]}}],"collection":[{"href":"https:\/\/goingsports.de\/adverts\/wp-json\/wp\/v2\/pages"}],"about":[{"href":"https:\/\/goingsports.de\/adverts\/wp-json\/wp\/v2\/types\/page"}],"author":[{"embeddable":true,"href":"https:\/\/goingsports.de\/adverts\/wp-json\/wp\/v2\/users\/1"}],"replies":[{"embeddable":true,"href":"https:\/\/goingsports.de\/adverts\/wp-json\/wp\/v2\/comments?post=944"}],"version-history":[{"count":8,"href":"https:\/\/goingsports.de\/adverts\/wp-json\/wp\/v2\/pages\/944\/revisions"}],"predecessor-version":[{"id":959,"href":"https:\/\/goingsports.de\/adverts\/wp-json\/wp\/v2\/pages\/944\/revisions\/959"}],"wp:attachment":[{"href":"https:\/\/goingsports.de\/adverts\/wp-json\/wp\/v2\/media?parent=944"}],"curies":[{"name":"wp","href":"https:\/\/api.w.org\/{rel}","templated":true}]}}