{"id":3,"date":"2023-05-20T14:47:05","date_gmt":"2023-05-20T12:47:05","guid":{"rendered":"https:\/\/goingsports.de\/adverts\/?page_id=3"},"modified":"2025-05-08T19:46:40","modified_gmt":"2025-05-08T17:46:40","slug":"datenschutzerklaerung","status":"publish","type":"page","link":"https:\/\/goingsports.de\/adverts\/impressum\/datenschutzerklaerung\/","title":{"rendered":"Datenschutzerkl\u00e4rung"},"content":{"rendered":"\t\t<div data-elementor-type=\"wp-page\" data-elementor-id=\"3\" class=\"elementor elementor-3\">\n\t\t\t\t<div class=\"elementor-element elementor-element-9710b87 e-flex e-con-boxed e-con e-parent\" data-id=\"9710b87\" data-element_type=\"container\" data-e-type=\"container\">\n\t\t\t\t\t<div class=\"e-con-inner\">\n\t\t\t\t<div class=\"elementor-element elementor-element-d7a85ad elementor-widget elementor-widget-heading\" data-id=\"d7a85ad\" data-element_type=\"widget\" data-e-type=\"widget\" data-widget_type=\"heading.default\">\n\t\t\t\t<div class=\"elementor-widget-container\">\n\t\t\t\t\t<h2 class=\"elementor-heading-title elementor-size-default\">Datenschutzerkl\u00e4rung der GoingGolf-App<\/h2>\t\t\t\t<\/div>\n\t\t\t\t<\/div>\n\t\t\t\t\t<\/div>\n\t\t\t\t<\/div>\n\t\t<div class=\"elementor-element elementor-element-3256b1d5 e-flex e-con-boxed e-con e-parent\" data-id=\"3256b1d5\" data-element_type=\"container\" data-e-type=\"container\" data-settings=\"{&quot;background_background&quot;:&quot;classic&quot;}\">\n\t\t\t\t\t<div class=\"e-con-inner\">\n\t\t\t\t<div class=\"elementor-element elementor-element-78e324b2 elementor-widget elementor-widget-text-editor\" data-id=\"78e324b2\" data-element_type=\"widget\" data-e-type=\"widget\" data-widget_type=\"text-editor.default\">\n\t\t\t\t<div class=\"elementor-widget-container\">\n\t\t\t\t\t\t\t\t\t<p>Mit der GoingGolf-App k\u00f6nnen Sie im Rahmen von Golfturnieren, welche mit GoingGolf veranstaltet werden, Ihre Scores je Loch \u00fcbertragen und die Ergebnisse auf einem Leaderboard sehen.<br \/>Diese Datenschutzerkl\u00e4rung bezieht sich ausschlie\u00dflich auf die Nutzung der App.<br \/>Diese Datenschutzerkl\u00e4rung kl\u00e4rt Nutzer \u00fcber die Art, den Umfang und Zwecke der Erhebung und Verwendung personenbezogener Daten durch den verantwortlichen Anbieter dieser App auf.<br \/>Die rechtlichen Grundlagen des Datenschutzes finden sich in der<br \/>Datenschutzgrundverordnung (DSGVO) und im<br \/>Bundesdatenschutzgesetz (BDSG).<br \/>GoingGolf erhebt und verwendet Ihre personenbezogenen Daten(Scores) ausschlie\u00dflich im Rahmen dieser Bestimmungen.<\/p>\n<ol>\n<li><strong>Verantwortliche Stelle<\/strong><br \/>Verantwortliche Stelle f\u00fcr die Erhebung, Verarbeitung und Nutzung von personenbezogenen<br \/>Daten im Zusammenhang mit der GoingGolf-App ist die<br \/>GENOBIS GmbH<br \/>Birkenallee 142<br \/>26871 Papenburg<br \/>Tel: +49 16090994689<br \/>E-Mail: info@goinggolf.de<\/li>\n<li><strong>Installation der App<\/strong><br \/>Die App ist \u00fcber von Dritten betriebene Vertriebsplattformen erh\u00e4ltlich, sogenannte App- Stores (Google Play und Apple iTunes). Ihr Download setzt gegebenenfalls eine vorherige<br \/>Registrierung beim jeweiligen App-Store und die Installation der App-Store-Software voraus.<br \/>GENOBIS GmbH hat keinen Einfluss auf die Erhebung, Verarbeitung und Nutzung von personenbezogenen Daten im Zusammenhang mit Ihrer Registrierung und der Bereitstellung von Downloads in dem jeweiligen App-Store und der App-Store-Software. Verantwortliche<br \/>Stelle ist insoweit allein der Betreiber des jeweiligen App-Stores. Bitte informieren Sie sich bei Bedarf direkt bei dem jeweiligen App-Store-Anbieter.<\/li>\n<li><strong>Erforderliche Berechtigungen<\/strong><br \/>Damit die App ordnungsgem\u00e4\u00df funktionieren kann, ist ein Zugriff auf bestimmte Smartphone-Funktionen notwendig. Personenbezogene Daten werden nicht ben\u00f6tigt.<br \/><strong>Netzwerkzugriff &amp; Netzwerkverbindungen<\/strong><br \/>Der Netzwerk-Zugriff ist erforderlich, da die App nur im Online-Modus nutzbar ist..<\/li>\n<li><strong>Welche Daten sind zur Nutzung des Livescorings<br \/>erforderlich?<\/strong><br \/>Im Folgenden m\u00f6chten wir Sie dar\u00fcber informieren, welche Daten \u00fcber die App erhoben, verarbeitet und gespeichert werden.<br \/><strong>Anmeldenummer<\/strong><br \/>Ihre Anmeldnummer dient der eindeutigen Identifikation der Webservice-Zugriffe auf unsere<br \/>Livescoring-L\u00f6sung auf http:\/\/www.goingsports.online. Die Anmeldenummer wird vom Turnierveranstalter des GoingGolf-Turnieres individuell je Person erstellt.<br \/><strong>Datenerhebung infolge der Ger\u00e4teregistrierung<\/strong><br \/>Es findet keine Datenerhebung statt.<\/li>\n<li><strong>Erhalten GoingGolf oder deren Partner Daten und zu<br \/>welchem Zweck?<\/strong><br \/>GoingGolf und ihre Partner erhalten und verarbeiten die von Ihnen in der GoingGolf-App zur Verf\u00fcgung gestellten Daten f\u00fcr bestimmte Zwecke. Im Folgenden m\u00f6chten wir Sie \u00fcber die<br \/>Zwecke und deren Empf\u00e4nger im Einzelnen informieren:<br \/>Die in der App erhobenen Scores gelangen ausschlie\u00dflich an GoingGolf und werden nicht an Dritte weitergegeben.<\/li>\n<li><strong>Ihre Rechte<\/strong><br \/>Ihnen stehen die folgenden Rechte zu:<br \/>a) Recht auf Auskunft (Art. 15 DSGVO)<br \/>b) Recht auf Berichtigung (art. 16 DSGVO)<br \/>c) Recht auf L\u00f6schung (Art. 17 DSGVO)<br \/>d) Recht auf Einschr\u00e4nkung (Art. 18 DSGVO)<br \/>e) Recht auf Widerspruch (Art. 21 DSGVO)<br \/>Die App wird nicht f\u00fcr Profiling oder Scoringma\u00dfnahmen nach Art. 22 DSGVO genutzt.<\/li>\n<li><strong>Kommunikationswege<\/strong><br \/>Sofern Sie Kontakt zu GoingGolf aufnehmen m\u00f6chten, schreiben Sie uns eine E-Mail an<br \/>info@goinggolf.de.<\/li>\n<li><strong>Kontaktdaten Datenschutzbeauftragten und<br \/>Aufsichtsbeh\u00f6rden:<\/strong><br \/>GENOBIS GmbH<br \/>Herr Ulrich Lang<br \/>Birkenallee 142<br \/>26871 Papenburgt<br \/>E-Mail: ulrich.lang@genobis.de<br \/>Der Bundesbeauftragte f\u00fcr Datenschutz und die Informationsfreiheit<br \/>30<br \/>53117 Bonn<br \/>poststelle@bfdi.bund.de oder poststelle@bfdi.de-mail.de<\/li>\n<li><strong>\u00c4nderung oder Anpassung der Datenschutzerkl\u00e4rung<\/strong><br \/>Die Datenschutzerkl\u00e4rung ist aktuell gu\u0308ltig und datiert vom 11.04.19. Durch die Weiterentwicklung unserer App oder die Implementierung neuer Technologien kann es notwendig werden, diese Datenschutzerkl\u00e4rung zu \u00e4ndern.<\/li>\n<li>Datum der Ver\u00f6ffentlichung: 11.04.2019<\/li>\n<\/ol>\t\t\t\t\t\t\t\t<\/div>\n\t\t\t\t<\/div>\n\t\t\t\t\t<\/div>\n\t\t\t\t<\/div>\n\t\t\t\t<\/div>\n\t\t","protected":false},"excerpt":{"rendered":"<p>Datenschutzerkl\u00e4rung der GoingGolf-App Mit der GoingGolf-App k\u00f6nnen Sie im Rahmen von Golfturnieren, welche mit GoingGolf veranstaltet werden, Ihre Scores je Loch \u00fcbertragen und die Ergebnisse auf einem Leaderboard sehen.Diese Datenschutzerkl\u00e4rung bezieht sich ausschlie\u00dflich auf die Nutzung der App.Diese Datenschutzerkl\u00e4rung kl\u00e4rt Nutzer \u00fcber die Art, den Umfang und Zwecke der Erhebung und Verwendung personenbezogener Daten durch [&hellip;]<\/p>\n","protected":false},"author":1,"featured_media":0,"parent":944,"menu_order":0,"comment_status":"closed","ping_status":"closed","template":"","meta":{"site-sidebar-layout":"default","site-content-layout":"","ast-site-content-layout":"default","site-content-style":"default","site-sidebar-style":"default","ast-global-header-display":"","ast-banner-title-visibility":"","ast-main-header-display":"","ast-hfb-above-header-display":"","ast-hfb-below-header-display":"","ast-hfb-mobile-header-display":"","site-post-title":"","ast-breadcrumbs-content":"","ast-featured-img":"","footer-sml-layout":"","ast-disable-related-posts":"","theme-transparent-header-meta":"","adv-header-id-meta":"","stick-header-meta":"","header-above-stick-meta":"","header-main-stick-meta":"","header-below-stick-meta":"","astra-migrate-meta-layouts":"default","ast-page-background-enabled":"default","ast-page-background-meta":{"desktop":{"background-color":"","background-image":"","background-repeat":"repeat","background-position":"center center","background-size":"auto","background-attachment":"scroll","background-type":"","background-media":"","overlay-type":"","overlay-color":"","overlay-opacity":"","overlay-gradient":""},"tablet":{"background-color":"","background-image":"","background-repeat":"repeat","background-position":"center center","background-size":"auto","background-attachment":"scroll","background-type":"","background-media":"","overlay-type":"","overlay-color":"","overlay-opacity":"","overlay-gradient":""},"mobile":{"background-color":"","background-image":"","background-repeat":"repeat","background-position":"center center","background-size":"auto","background-attachment":"scroll","background-type":"","background-media":"","overlay-type":"","overlay-color":"","overlay-opacity":"","overlay-gradient":""}},"ast-content-background-meta":{"desktop":{"background-color":"var(--ast-global-color-5)","background-image":"","background-repeat":"repeat","background-position":"center center","background-size":"auto","background-attachment":"scroll","background-type":"","background-media":"","overlay-type":"","overlay-color":"","overlay-opacity":"","overlay-gradient":""},"tablet":{"background-color":"var(--ast-global-color-5)","background-image":"","background-repeat":"repeat","background-position":"center center","background-size":"auto","background-attachment":"scroll","background-type":"","background-media":"","overlay-type":"","overlay-color":"","overlay-opacity":"","overlay-gradient":""},"mobile":{"background-color":"var(--ast-global-color-5)","background-image":"","background-repeat":"repeat","background-position":"center center","background-size":"auto","background-attachment":"scroll","background-type":"","background-media":"","overlay-type":"","overlay-color":"","overlay-opacity":"","overlay-gradient":""}},"iawp_total_views":39,"footnotes":""},"class_list":["post-3","page","type-page","status-publish","hentry"],"_links":{"self":[{"href":"https:\/\/goingsports.de\/adverts\/wp-json\/wp\/v2\/pages\/3","targetHints":{"allow":["GET"]}}],"collection":[{"href":"https:\/\/goingsports.de\/adverts\/wp-json\/wp\/v2\/pages"}],"about":[{"href":"https:\/\/goingsports.de\/adverts\/wp-json\/wp\/v2\/types\/page"}],"author":[{"embeddable":true,"href":"https:\/\/goingsports.de\/adverts\/wp-json\/wp\/v2\/users\/1"}],"replies":[{"embeddable":true,"href":"https:\/\/goingsports.de\/adverts\/wp-json\/wp\/v2\/comments?post=3"}],"version-history":[{"count":3,"href":"https:\/\/goingsports.de\/adverts\/wp-json\/wp\/v2\/pages\/3\/revisions"}],"predecessor-version":[{"id":943,"href":"https:\/\/goingsports.de\/adverts\/wp-json\/wp\/v2\/pages\/3\/revisions\/943"}],"up":[{"embeddable":true,"href":"https:\/\/goingsports.de\/adverts\/wp-json\/wp\/v2\/pages\/944"}],"wp:attachment":[{"href":"https:\/\/goingsports.de\/adverts\/wp-json\/wp\/v2\/media?parent=3"}],"curies":[{"name":"wp","href":"https:\/\/api.w.org\/{rel}","templated":true}]}}